{"id":2,"date":"2015-03-31T08:16:01","date_gmt":"2015-03-31T08:16:01","guid":{"rendered":"http:\/\/alexander-tekniikka.fi\/?page_id=2"},"modified":"2022-04-20T21:25:02","modified_gmt":"2022-04-20T19:25:02","slug":"sample-page","status":"publish","type":"page","link":"https:\/\/alexander-tekniikka.fi\/","title":{"rendered":"Kehonk\u00e4ytt\u00f6n opetusta Vallillassa"},"content":{"rendered":"<h5><\/h5>\n<h5>Opetus perustuu Alexander-tekniikkaan, jonka avulla l\u00f6yd\u00e4t v\u00e4hemm\u00e4n rasittavan tavan toimia ja olla.<\/h5>\n<ul class=\"style2\">\n<li>\n<h5>Opit v\u00e4ltt\u00e4m\u00e4\u00e4n alasel\u00e4n ja niskan rasitusta kotona, ty\u00f6paikalla ja harrastuksissa<\/h5>\n<\/li>\n<li>\n<h5>Suorituksesi tehostuu esimerkiksi urheillessa<\/h5>\n<\/li>\n<li>\n<h5>L\u00f6yd\u00e4t\u00a0ryhdikk\u00e4\u00e4mm\u00e4n olemuksen<\/h5>\n<\/li>\n<li>\n<h5>Saat\u00a0ty\u00f6kalut kehonk\u00e4yt\u00f6n jatkuvaan parantamiseen<\/h5>\n<\/li>\n<\/ul>\n<h5>L\u00e4hiaikona on tarjolla aikoja yksityistunneille rajoitetusti. Voit kysell\u00e4 vapaita aikoja minulta<\/h5>\n<h5>Jyri Lamminm\u00e4ki<br \/>\njyri@alexander-tekniikka.fi<br \/>\npuh. 050 4804075<\/h5>\n<h5>Oppiva keho -studio sijaitsee Vallilassa osoitteessa: Nilsi\u00e4nkatu 10A, 5krs, Helsinki.<\/h5>\n<h5><\/h5>\n<h4 class=\"style5\"><\/h4>\n<h4 class=\"style5\"><\/h4>\n<p>.<\/p>\n","protected":false},"excerpt":{"rendered":"<p>Opetus perustuu Alexander-tekniikkaan, jonka avulla l\u00f6yd\u00e4t v\u00e4hemm\u00e4n rasittavan tavan toimia ja olla. Opit v\u00e4ltt\u00e4m\u00e4\u00e4n alasel\u00e4n ja niskan rasitusta kotona, ty\u00f6paikalla ja harrastuksissa Suorituksesi tehostuu esimerkiksi urheillessa L\u00f6yd\u00e4t\u00a0ryhdikk\u00e4\u00e4mm\u00e4n olemuksen Saat\u00a0ty\u00f6kalut kehonk\u00e4yt\u00f6n jatkuvaan parantamiseen L\u00e4hiaikona on tarjolla aikoja yksityistunneille rajoitetusti. Voit kysell\u00e4 vapaita aikoja minulta Jyri Lamminm\u00e4ki jyri@alexander-tekniikka.fi puh. 050 4804075 Oppiva keho -studio sijaitsee Vallilassa osoitteessa: &hellip; <a href=\"https:\/\/alexander-tekniikka.fi\/\" class=\"more-link\">Jatka lukemista <span class=\"screen-reader-text\">Kehonk\u00e4ytt\u00f6n opetusta Vallillassa<\/span> <span class=\"meta-nav\">&rarr;<\/span><\/a><\/p>\n","protected":false},"author":1,"featured_media":0,"parent":0,"menu_order":0,"comment_status":"closed","ping_status":"closed","template":"","meta":{"footnotes":""},"_links":{"self":[{"href":"https:\/\/alexander-tekniikka.fi\/index.php?rest_route=\/wp\/v2\/pages\/2"}],"collection":[{"href":"https:\/\/alexander-tekniikka.fi\/index.php?rest_route=\/wp\/v2\/pages"}],"about":[{"href":"https:\/\/alexander-tekniikka.fi\/index.php?rest_route=\/wp\/v2\/types\/page"}],"author":[{"embeddable":true,"href":"https:\/\/alexander-tekniikka.fi\/index.php?rest_route=\/wp\/v2\/users\/1"}],"replies":[{"embeddable":true,"href":"https:\/\/alexander-tekniikka.fi\/index.php?rest_route=%2Fwp%2Fv2%2Fcomments&post=2"}],"version-history":[{"count":28,"href":"https:\/\/alexander-tekniikka.fi\/index.php?rest_route=\/wp\/v2\/pages\/2\/revisions"}],"predecessor-version":[{"id":167,"href":"https:\/\/alexander-tekniikka.fi\/index.php?rest_route=\/wp\/v2\/pages\/2\/revisions\/167"}],"wp:attachment":[{"href":"https:\/\/alexander-tekniikka.fi\/index.php?rest_route=%2Fwp%2Fv2%2Fmedia&parent=2"}],"curies":[{"name":"wp","href":"https:\/\/api.w.org\/{rel}","templated":true}]}}