{"id":13,"date":"2015-03-31T13:34:08","date_gmt":"2015-03-31T13:34:08","guid":{"rendered":"http:\/\/alexander-tekniikka.fi\/?page_id=13"},"modified":"2015-10-22T21:02:36","modified_gmt":"2015-10-22T19:02:36","slug":"sivu2","status":"publish","type":"page","link":"https:\/\/alexander-tekniikka.fi\/?page_id=13","title":{"rendered":"Mit\u00e4 on AT?"},"content":{"rendered":"<p>Alexander-tekniikka on k\u00e4yt\u00e4nn\u00f6n menetelm\u00e4, jolla voi parantaa oman kehonsa k\u00e4ytt\u00f6\u00e4. Kehon k\u00e4yt\u00f6ll\u00e4 tarkoitan kaikkea sit\u00e4, mit\u00e4 ihminen tekee itsell\u00e4\u00e4n: seisoo, k\u00e4velee, puhuu, laulaa, ui, hengitt\u00e4\u00e4 jne. Kun vartalon kokonaiskoordinaatiota parannetaan, paranee my\u00f6s kaikki se, mit\u00e4 vartalo tekee. Koordinaation kohentuminen mahdollistaa my\u00f6s sen, ett\u00e4 t\u00e4rke\u00e4t elintoiminnot kuten hengitt\u00e4minen ja ruuansulatus, voivat tapahtua luonnollisemmin ja tehokkaammin.<\/p>\n<p>Alexander-tekniikassa vartaloa ja sen liikkeit\u00e4 ajatellaan kokonaisuutena, eik\u00e4 erillisin\u00e4 yksitt\u00e4isin\u00e4 asioina.\u00a0 K\u00e4yt\u00e4nn\u00f6ss\u00e4 t\u00e4m\u00e4 tarkoittaa sit\u00e4, ett\u00e4 kaikessa tekemisess\u00e4 etusijalla on niskan, p\u00e4\u00e4n, ja sel\u00e4n edullinen suhde toisiinsa. Jos t\u00e4m\u00e4 suhde on ep\u00e4tasapainossa, niin kehossa on silloin paljon ylim\u00e4\u00e4r\u00e4ist\u00e4 j\u00e4nnityst\u00e4 ja kaikkeen liikkumiseen tarvitaan paljon energiaa. Kun niskan, p\u00e4\u00e4n, ja sel\u00e4n suhde on tasapainossa,\u00a0 koko keho p\u00e4\u00e4see vapautumaan ja liikkuminen kevenee. Koska vartalo on kokoajan liikkeess\u00e4, pit\u00e4\u00e4 t\u00e4m\u00e4n suhteen olla dynaaminen. T\u00e4m\u00e4n takia puhutaankin oikeasta suhteesta tai koordinaatiosta, eik\u00e4 oikeasta asennosta.<\/p>\n<p>Alexander-tekniikka on sek\u00e4 uuden oppimista, ett\u00e4 oppimista pois haitallisista tavoista. Se ei ole hoitomuoto eik\u00e4 terapia, vaikka se edist\u00e4\u00e4kin terveytt\u00e4. Suurimpana erona erilaisiin hoitoihin tai terapioihin on se, ett\u00e4 oppilaalla on vastuu itsest\u00e4\u00e4n ja omasta kehityksest\u00e4\u00e4n. Opettaja voi suuresti auttaa oppilasta, mutta h\u00e4n ei voi tehd\u00e4 kaikkea oppilaan puolesta. Alexander-tekniikassa on kaksi &#8221;ty\u00f6kalua&#8221;,\u00a0 joita k\u00e4ytet\u00e4\u00e4n kehon koordinaation parantamiseen. Ne ovat opettajan k\u00e4det ja oppilaan ajatus. Opettaja ohjaa hienovaraisesti oppilasta k\u00e4sill\u00e4\u00e4n siten, ett\u00e4 h\u00e4n saa k\u00e4sityksen erilaisesta kehon k\u00e4yt\u00f6st\u00e4. Oppilas taas voi tietoisesti ajattelemalla olla reagoimatta vanhojen tottumustensa mukaisesti ja ohjata omaa vartaloansa vapautumaan. P\u00e4\u00e4ajatus on se, ett\u00e4 mieli ohjaa kehoa. Muuttamalla ajattelua tai mielikuvaa, my\u00f6s kehon k\u00e4ytt\u00f6 muuttuu. <span style=\"text-decoration: underline;\">Eli Alexander-tekniikka onkin itse asiassa ajattelun harjoittamista!\u00a0<\/span><\/p>\n","protected":false},"excerpt":{"rendered":"<p>Alexander-tekniikka on k\u00e4yt\u00e4nn\u00f6n menetelm\u00e4, jolla voi parantaa oman kehonsa k\u00e4ytt\u00f6\u00e4. Kehon k\u00e4yt\u00f6ll\u00e4 tarkoitan kaikkea sit\u00e4, mit\u00e4 ihminen tekee itsell\u00e4\u00e4n: seisoo, k\u00e4velee, puhuu, laulaa, ui, hengitt\u00e4\u00e4 jne. Kun vartalon kokonaiskoordinaatiota parannetaan, paranee my\u00f6s kaikki se, mit\u00e4 vartalo tekee. Koordinaation kohentuminen mahdollistaa my\u00f6s sen, ett\u00e4 t\u00e4rke\u00e4t elintoiminnot kuten hengitt\u00e4minen ja ruuansulatus, voivat tapahtua luonnollisemmin ja tehokkaammin. Alexander-tekniikassa &hellip; <a href=\"https:\/\/alexander-tekniikka.fi\/?page_id=13\" class=\"more-link\">Jatka lukemista <span class=\"screen-reader-text\">Mit\u00e4 on AT?<\/span> <span class=\"meta-nav\">&rarr;<\/span><\/a><\/p>\n","protected":false},"author":1,"featured_media":0,"parent":0,"menu_order":0,"comment_status":"closed","ping_status":"closed","template":"","meta":{"footnotes":""},"_links":{"self":[{"href":"https:\/\/alexander-tekniikka.fi\/index.php?rest_route=\/wp\/v2\/pages\/13"}],"collection":[{"href":"https:\/\/alexander-tekniikka.fi\/index.php?rest_route=\/wp\/v2\/pages"}],"about":[{"href":"https:\/\/alexander-tekniikka.fi\/index.php?rest_route=\/wp\/v2\/types\/page"}],"author":[{"embeddable":true,"href":"https:\/\/alexander-tekniikka.fi\/index.php?rest_route=\/wp\/v2\/users\/1"}],"replies":[{"embeddable":true,"href":"https:\/\/alexander-tekniikka.fi\/index.php?rest_route=%2Fwp%2Fv2%2Fcomments&post=13"}],"version-history":[{"count":4,"href":"https:\/\/alexander-tekniikka.fi\/index.php?rest_route=\/wp\/v2\/pages\/13\/revisions"}],"predecessor-version":[{"id":47,"href":"https:\/\/alexander-tekniikka.fi\/index.php?rest_route=\/wp\/v2\/pages\/13\/revisions\/47"}],"wp:attachment":[{"href":"https:\/\/alexander-tekniikka.fi\/index.php?rest_route=%2Fwp%2Fv2%2Fmedia&parent=13"}],"curies":[{"name":"wp","href":"https:\/\/api.w.org\/{rel}","templated":true}]}}